{"id":501,"date":"2024-12-18T07:28:35","date_gmt":"2024-12-18T07:28:35","guid":{"rendered":"https:\/\/ant-casting.com\/?page_id=501"},"modified":"2024-12-18T07:33:07","modified_gmt":"2024-12-18T07:33:07","slug":"shipping-policy","status":"publish","type":"page","link":"https:\/\/ant-casting.com\/de\/shipping-policy\/","title":{"rendered":"Versand-Politik"},"content":{"rendered":"<div data-elementor-type=\"wp-page\" data-elementor-id=\"501\" class=\"elementor elementor-501\" data-elementor-post-type=\"page\">\n\t\t\t\t<div class=\"elementor-element elementor-element-7a02ef1 e-flex e-con-boxed e-con e-parent\" data-id=\"7a02ef1\" data-element_type=\"container\" data-e-type=\"container\" data-settings=\"{&quot;background_background&quot;:&quot;classic&quot;}\">\n\t\t\t\t\t<div class=\"e-con-inner\">\n\t\t\t\t<div class=\"elementor-element elementor-element-bf43e7b elementor-widget-divider--view-line_text elementor-widget-divider--element-align-right elementor-invisible elementor-widget elementor-widget-divider\" data-id=\"bf43e7b\" data-element_type=\"widget\" data-e-type=\"widget\" data-settings=\"{&quot;_animation&quot;:&quot;fadeInUp&quot;}\" data-widget_type=\"divider.default\">\n\t\t\t\t<div class=\"elementor-widget-container\">\n\t\t\t\t\t\t\t<div class=\"elementor-divider\">\n\t\t\t<span class=\"elementor-divider-separator\">\n\t\t\t\t\t\t\t<span class=\"elementor-divider__text elementor-divider__element\">\n\t\t\t\tZhenjiang Ant-cn International Trade Co., LTD\t\t\t\t<\/span>\n\t\t\t\t\t\t<\/span>\n\t\t<\/div>\n\t\t\t\t\t\t<\/div>\n\t\t\t\t<\/div>\n\t\t\t\t<div class=\"elementor-element elementor-element-8cd88c9 premium-header-inline premium-lq__none premium-box-lq__none elementor-widget elementor-widget-premium-addon-dual-header\" data-id=\"8cd88c9\" data-element_type=\"widget\" data-e-type=\"widget\" data-widget_type=\"premium-addon-dual-header.default\">\n\t\t\t\t\t\n\t\t<div class=\"elementor-widget-container\">\n\t\t\t\t\t<h2 class=\"premium-dual-header-first-header\"><span class=\"premium-dual-header-first-span\">Versand <\/span><span class=\"premium-dual-header-second-header\">Politik<\/span><\/h2> \t\t\t\t<\/div>\n\n\t\t\t\t\t\t<\/div>\n\t\t\t\t\t<\/div>\n\t\t\t\t<\/div>\n\t\t<div class=\"elementor-element elementor-element-f396169 e-flex e-con-boxed e-con e-parent\" data-id=\"f396169\" data-element_type=\"container\" data-e-type=\"container\">\n\t\t\t\t\t<div class=\"e-con-inner\">\n\t\t\t\t<div class=\"elementor-element elementor-element-60f966b elementor-widget elementor-widget-text-editor\" data-id=\"60f966b\" data-element_type=\"widget\" data-e-type=\"widget\" data-widget_type=\"text-editor.default\">\n\t\t\t\t<div class=\"elementor-widget-container\">\n\t\t\t\t\t\t\t\t\t<p>Bei Zhenjiang Ant-cn International Trade Co., LTD. bem\u00fchen wir uns um eine p\u00fcnktliche und effiziente Lieferung unserer Produkte an unsere Kunden. Wir liefern unsere Produkte an Kunden sowohl im Inland als auch international.<\/p><p><strong><em>Inl\u00e4ndischer Versand:<\/em><\/strong><br \/>Wir versenden unsere Produkte innerhalb des chinesischen Festlandes mit verschiedenen Versandunternehmen, je nach Produkt und Standort des Kunden.<br \/>Die Geb\u00fchren f\u00fcr den Inlandsversand k\u00f6nnen je nach Gewicht und Gr\u00f6\u00dfe des Produkts sowie dem Versandziel variieren.<br \/>Die gesch\u00e4tzte Lieferzeit f\u00fcr Inlandssendungen betr\u00e4gt in der Regel zwischen 3 und 7 Werktagen, je nach Versandunternehmen und Bestimmungsort.<\/p><p><strong><em>Internationaler Versand:<\/em><\/strong><br \/>Wir versenden unsere Produkte an internationale Kunden \u00fcber verschiedene Versandunternehmen, je nach Produkt und Standort des Kunden.<br \/>Die Geb\u00fchren f\u00fcr den internationalen Versand k\u00f6nnen je nach Gewicht und Gr\u00f6\u00dfe des Produkts sowie dem Versandziel variieren.<br \/>Die gesch\u00e4tzte Lieferzeit f\u00fcr internationale Sendungen variiert je nach Versandunternehmen und Zielort. Die Lieferzeiten k\u00f6nnen durch den Zoll und andere Faktoren, die au\u00dferhalb unserer Kontrolle liegen, beeinflusst werden.<br \/>Bitte beachten Sie, dass wir nicht f\u00fcr Z\u00f6lle, Steuern oder Geb\u00fchren verantwortlich sind, die vom Bestimmungsland erhoben werden k\u00f6nnen. Der Kunde ist f\u00fcr solche Geb\u00fchren verantwortlich.<\/p><p>Wenn Sie Fragen oder Bedenken bez\u00fcglich des Versands haben, z\u00f6gern Sie bitte nicht, uns zu kontaktieren unter <span style=\"color: #ff6600;\"><em><span style=\"color: #ff6600;\">leozhao@ant-casting.com<\/span><span style=\"color: #000000;\"><span style=\"background-color: #ffff00;\">.<\/span><\/span><\/em><\/span><\/p>\t\t\t\t\t\t\t\t<\/div>\n\t\t\t\t<\/div>\n\t\t\t\t\t<\/div>\n\t\t\t\t<\/div>\n\t\t\t\t<\/div>","protected":false},"excerpt":{"rendered":"<p>Zhenjiang Ant-cn International Trade Co., LTD Shipping Policy At Zhenjiang Ant-cn International Trade Co., LTD. we strive to provide timely and efficient delivery of our products to our customers. We ship our products to customers both domestically and internationally. Domestic Shipping:We ship our products within mainland China via various shipping carriers, depending on the product [&hellip;]<\/p>\n","protected":false},"author":1,"featured_media":0,"parent":0,"menu_order":0,"comment_status":"closed","ping_status":"closed","template":"","meta":{"footnotes":""},"class_list":["post-501","page","type-page","status-publish","hentry"],"_links":{"self":[{"href":"https:\/\/ant-casting.com\/de\/wp-json\/wp\/v2\/pages\/501","targetHints":{"allow":["GET"]}}],"collection":[{"href":"https:\/\/ant-casting.com\/de\/wp-json\/wp\/v2\/pages"}],"about":[{"href":"https:\/\/ant-casting.com\/de\/wp-json\/wp\/v2\/types\/page"}],"author":[{"embeddable":true,"href":"https:\/\/ant-casting.com\/de\/wp-json\/wp\/v2\/users\/1"}],"replies":[{"embeddable":true,"href":"https:\/\/ant-casting.com\/de\/wp-json\/wp\/v2\/comments?post=501"}],"version-history":[{"count":0,"href":"https:\/\/ant-casting.com\/de\/wp-json\/wp\/v2\/pages\/501\/revisions"}],"wp:attachment":[{"href":"https:\/\/ant-casting.com\/de\/wp-json\/wp\/v2\/media?parent=501"}],"curies":[{"name":"wp","href":"https:\/\/api.w.org\/{rel}","templated":true}]}}