{"id":375,"date":"2024-12-18T06:57:44","date_gmt":"2024-12-18T06:57:44","guid":{"rendered":"https:\/\/ant-casting.com\/?page_id=375"},"modified":"2024-12-18T07:26:58","modified_gmt":"2024-12-18T07:26:58","slug":"refund_returns","status":"publish","type":"page","link":"https:\/\/ant-casting.com\/de\/refund_returns\/","title":{"rendered":"Refund and Returns Policy"},"content":{"rendered":"<div data-elementor-type=\"wp-page\" data-elementor-id=\"375\" class=\"elementor elementor-375\" data-elementor-post-type=\"page\">\n\t\t\t\t<div class=\"elementor-element elementor-element-25837ab e-flex e-con-boxed e-con e-parent\" data-id=\"25837ab\" data-element_type=\"container\" data-e-type=\"container\" data-settings=\"{&quot;background_background&quot;:&quot;classic&quot;}\">\n\t\t\t\t\t<div class=\"e-con-inner\">\n\t\t\t\t<div class=\"elementor-element elementor-element-feeb332 elementor-widget-divider--view-line_text elementor-widget-divider--element-align-right elementor-invisible elementor-widget elementor-widget-divider\" data-id=\"feeb332\" data-element_type=\"widget\" data-e-type=\"widget\" data-settings=\"{&quot;_animation&quot;:&quot;fadeInUp&quot;}\" data-widget_type=\"divider.default\">\n\t\t\t\t<div class=\"elementor-widget-container\">\n\t\t\t\t\t\t\t<div class=\"elementor-divider\">\n\t\t\t<span class=\"elementor-divider-separator\">\n\t\t\t\t\t\t\t<span class=\"elementor-divider__text elementor-divider__element\">\n\t\t\t\tZhenjiang Ant-cn International Trade Co., LTD\t\t\t\t<\/span>\n\t\t\t\t\t\t<\/span>\n\t\t<\/div>\n\t\t\t\t\t\t<\/div>\n\t\t\t\t<\/div>\n\t\t\t\t<div class=\"elementor-element elementor-element-84fb05b premium-header-inline premium-lq__none premium-box-lq__none elementor-widget elementor-widget-premium-addon-dual-header\" data-id=\"84fb05b\" data-element_type=\"widget\" data-e-type=\"widget\" data-widget_type=\"premium-addon-dual-header.default\">\n\t\t\t\t\t\n\t\t<div class=\"elementor-widget-container\">\n\t\t\t\t\t<h2 class=\"premium-dual-header-first-header\"><span class=\"premium-dual-header-first-span\">Erstattung <\/span><span class=\"premium-dual-header-second-header\">Politik<\/span><\/h2> \t\t\t\t<\/div>\n\n\t\t\t\t\t\t<\/div>\n\t\t\t\t\t<\/div>\n\t\t\t\t<\/div>\n\t\t<div class=\"elementor-element elementor-element-b21bda0 e-flex e-con-boxed e-con e-parent\" data-id=\"b21bda0\" data-element_type=\"container\" data-e-type=\"container\">\n\t\t\t\t\t<div class=\"e-con-inner\">\n\t\t\t\t<div class=\"elementor-element elementor-element-341ea3c elementor-widget elementor-widget-text-editor\" data-id=\"341ea3c\" data-element_type=\"widget\" data-e-type=\"widget\" data-widget_type=\"text-editor.default\">\n\t\t\t\t<div class=\"elementor-widget-container\">\n\t\t\t\t\t\t\t\t\t<p>Bei Zhenjiang Ant-cn International Trade Co., LTD bem\u00fchen wir uns, qualitativ hochwertige Produkte und einen ausgezeichneten Kundenservice anzubieten. Wir verstehen, dass manchmal ein Produkt nicht Ihren Erwartungen entsprechen kann. In einem solchen Fall bieten wir eine R\u00fcckerstattungspolitik an, die es Ihnen erm\u00f6glicht, das Produkt innerhalb eines bestimmten Zeitraums ab dem Kaufdatum zur\u00fcckzugeben.<br data-immersive-translate-walked=\"9f7b6aa5-0125-4914-95f7-65cbb3b60011\" \/><br data-immersive-translate-walked=\"9f7b6aa5-0125-4914-95f7-65cbb3b60011\" \/>Bitte beachten Sie, dass wir keine Versprechungen oder Garantien f\u00fcr das Ergebnis eines von uns angebotenen Produkts geben k\u00f6nnen. Wir bem\u00fchen uns, qualitativ hochwertige Produkte anzubieten, aber der Erfolg eines jeden Produkts h\u00e4ngt von verschiedenen Faktoren ab, die au\u00dferhalb unserer Kontrolle liegen. Daher k\u00f6nnen wir keine R\u00fcckerstattungen auf der Grundlage des Ergebnisses eines Produkts anbieten.<br data-immersive-translate-walked=\"9f7b6aa5-0125-4914-95f7-65cbb3b60011\" \/><br data-immersive-translate-walked=\"9f7b6aa5-0125-4914-95f7-65cbb3b60011\" \/>Unsere R\u00fcckerstattungspolitik ist wie folgt:<br data-immersive-translate-walked=\"9f7b6aa5-0125-4914-95f7-65cbb3b60011\" \/>Wenn Sie mit dem Produkt nicht zufrieden sind, haben Sie m\u00f6glicherweise Anspruch auf eine R\u00fcckgabe.<br data-immersive-translate-walked=\"9f7b6aa5-0125-4914-95f7-65cbb3b60011\" \/>Um eine R\u00fccksendung zu veranlassen, kontaktieren Sie uns bitte unter <em><span style=\"color: #ff6600;\">leozhao@ant-casting.com<\/span><\/em>Das Produkt muss sich in der Originalverpackung und im Neuzustand befinden, um f\u00fcr eine R\u00fcckgabe in Frage zu kommen.<br data-immersive-translate-walked=\"9f7b6aa5-0125-4914-95f7-65cbb3b60011\" \/>Die Versand- und Bearbeitungsgeb\u00fchren werden nicht erstattet.<br data-immersive-translate-walked=\"9f7b6aa5-0125-4914-95f7-65cbb3b60011\" \/>Sobald wir das Produkt erhalten, werden wir es bewerten und entscheiden, ob eine R\u00fccksendung angemessen ist.<br data-immersive-translate-walked=\"9f7b6aa5-0125-4914-95f7-65cbb3b60011\" \/>Bitte beachten Sie, dass wir uns das Recht vorbehalten, eine R\u00fccksendung abzulehnen, wenn das Produkt nicht den Kriterien unserer R\u00fcckgabepolitik entspricht.<br data-immersive-translate-walked=\"9f7b6aa5-0125-4914-95f7-65cbb3b60011\" \/><br data-immersive-translate-walked=\"9f7b6aa5-0125-4914-95f7-65cbb3b60011\" \/>Sollten Sie Fragen oder Bedenken bez\u00fcglich unserer R\u00fcckerstattungspolitik haben, z\u00f6gern Sie bitte nicht, uns zu kontaktieren unter <em><span style=\"color: #ff6600;\">leozhao@ant-casting.com<\/span><\/em><\/p>\t\t\t\t\t\t\t\t<\/div>\n\t\t\t\t<\/div>\n\t\t\t\t\t<\/div>\n\t\t\t\t<\/div>\n\t\t\t\t<\/div>","protected":false},"excerpt":{"rendered":"<p>Zhenjiang Ant-cn International Trade Co., LTD Refund Policy At Zhenjiang Ant-cn International Trade Co., LTD we strive to provide high-quality products and excellent customer service. We understand that sometimes a product may not meet your expectations. In such an event, we offer a refund policy that allows you to return the product within a certain [&hellip;]<\/p>\n","protected":false},"author":1,"featured_media":0,"parent":0,"menu_order":0,"comment_status":"closed","ping_status":"closed","template":"","meta":{"footnotes":""},"class_list":["post-375","page","type-page","status-publish","hentry"],"_links":{"self":[{"href":"https:\/\/ant-casting.com\/de\/wp-json\/wp\/v2\/pages\/375","targetHints":{"allow":["GET"]}}],"collection":[{"href":"https:\/\/ant-casting.com\/de\/wp-json\/wp\/v2\/pages"}],"about":[{"href":"https:\/\/ant-casting.com\/de\/wp-json\/wp\/v2\/types\/page"}],"author":[{"embeddable":true,"href":"https:\/\/ant-casting.com\/de\/wp-json\/wp\/v2\/users\/1"}],"replies":[{"embeddable":true,"href":"https:\/\/ant-casting.com\/de\/wp-json\/wp\/v2\/comments?post=375"}],"version-history":[{"count":0,"href":"https:\/\/ant-casting.com\/de\/wp-json\/wp\/v2\/pages\/375\/revisions"}],"wp:attachment":[{"href":"https:\/\/ant-casting.com\/de\/wp-json\/wp\/v2\/media?parent=375"}],"curies":[{"name":"wp","href":"https:\/\/api.w.org\/{rel}","templated":true}]}}